{"id":20,"date":"2019-05-07T16:07:32","date_gmt":"2019-05-07T16:07:32","guid":{"rendered":"http:\/\/rotes-nowawes.de\/?page_id=20"},"modified":"2024-07-12T08:49:06","modified_gmt":"2024-07-12T06:49:06","slug":"about","status":"publish","type":"page","link":"https:\/\/rotes-nowawes.de\/?page_id=20","title":{"rendered":"\u00dcber uns"},"content":{"rendered":"<p><strong>Wer sind wir?<\/strong><\/p>\n<p>Die Geschichtswerkstatt Rotes Nowawes e. V. bildete sich im Jahr 2018 als ein loser Zusammenschluss von geschichtsinteressierten Personen, mit dem Ziel, die Geschichte der fr\u00fcheren Industriestadt Nowawes, dem heutigen Babelsberg, insbesondere der \u201ekleinen Leute\u201c und ihrer politischen und soziokulturellen Organisationen zu erforschen und der interessierten \u00d6ffentlichkeit nahezubringen. Wir kommen aus unterschiedlichen organisierten und nichtorganisierten politischen und zivilgesellschaftlichen Zusammenh\u00e4ngen, zum Beispiel aus Parteien und Gruppen wie der W\u00e4hlergruppe DIE aNDERE oder Parteien wie DIE LINKE und SPD. Nach Jahren der Arbeit und Recherche sowie nach diversen F\u00fchrungen und Veranstaltungen gr\u00fcndete sich im Jahr 2022 schlie\u00dflich unser Verein, der gemeinn\u00fctzig ist und seit 2023 im Vereinsregister unter der Nummer VR 9550 P eingetragen ist.<\/p>\n<p>Den Ruf des \u201eRoten Nowawes\u201c aus der Kaiserzeit und der Weimarer Republik aufnehmend \u2013 auch als Kontrapunkt zur weitgehend konservativ-preu\u00dfisch gepr\u00e4gten Geschichte der alten Stadt Potsdam \u2013 wollen wir das Besondere dieser Arbeiterstadt zwischen den beiden preu\u00dfischen Residenzen Berlin und Potsdam f\u00fcr die heutigen und k\u00fcnftigen Generationen erlebbar gestalten. Wir denken, dass die Organisierung der Arbeiter:innenbewegung, die sozialen K\u00e4mpfe und Problemlagen, der Widerstand gegen den Nationalsozialismus, aber auch deren Scheitern, in all ihrer Hoffnungen und Irrungen f\u00fcr das Heute viel Nachdenkenswertes bereith\u00e4lt.<\/p>\n<p><strong>Was machen wir?<\/strong><\/p>\n<p>Die Geschichtswerkstatt Rotes Nowawes will \u00fcber digitale Hilfsmittel, aber auch \u00fcber klassische Formen der Erinnerungs- und Bildungsarbeit die Geschichte des Roten Nowawes f\u00fcr die individuellen Bed\u00fcrfnisse der interessierten Personen erlebbar gestalten. Hierbei thematisieren wir in regelm\u00e4\u00dfigen Treffen bestimmte Ereignisse, Orte und Personen, vor allem in der Zeit der Industrialisierung bis zum Jahr 1945.<\/p>\n<p>Wir organisieren F\u00fchrungen, Veranstaltungen und Ausstellungen und sind bei \u00f6ffentlichen Stadtteilfesten anzutreffen. Wir arbeiten unter anderem mit Schulklassen und anderen lokalen und regionalen Institutionen zusammen. Durch unsere Arbeit wollen wir die Geschichte des Roten Nowawes mehr im Stadtbild des Stadtteils verankern.<\/p>\n<p><strong>Wie arbeitet der Verein?<\/strong><\/p>\n<p>Auf unserer Homepage informieren wir regelm\u00e4\u00dfig \u00fcber die Vereinst\u00e4tigkeiten und unsere Arbeit. Unser Verein besteht aus einem dreik\u00f6pfigen Vorstand und seinen Mitgliedern. Selbstverst\u00e4ndlich sind auch neue Mitglieder, die uns aktiv oder passiv bei unserer Arbeit unterst\u00fctzen m\u00f6chten, jederzeit gerne willkommen. Unsere regelm\u00e4\u00dfigen Treffen f\u00fchren wir haupts\u00e4chlich im Heidehaus durch, wo wir auch postalisch zu erreichen sind. Am besten sind wir \u00fcber den E-Mail-Kontakt zu erreichen oder Sie sprechen uns auf unseren Veranstaltungen an.<\/p>\n<p><strong>Wie k\u00f6nnen Sie unterst\u00fctzen?<\/strong><\/p>\n<p>F\u00fcr die erinnerungspolitische Arbeit brauchen wir ihre Unterst\u00fctzung. Wir sind immer auf der Suche nach Informationen zu Ereignissen und Personen aus Nowawes. Au\u00dferdem suchen wir Dokumente, Fotos und sonstige Materialien, welche die Geschichte des Roten Nowawes darstellen. Wir leben von unseren Mitgliedsbeitr\u00e4gen und der ehrenamtlichen Arbeit. Auch mit einer Spende (DE52 1605 0000 1000 6564 69 bei der MBS Potsdam) k\u00f6nnen sie uns gern unterst\u00fctzen, wir sind als gemeinn\u00fctzig vom Finanzamt Potsdam anerkannt. F\u00fcr eine Mitgliedschaft kontaktieren Sie uns gerne.<\/p>\n<p><strong>Heimst\u00e4tte und Postadresse:<\/strong><\/p>\n<p>Geschichtswerkstatt Rotes Nowawes e. V.<br \/>\nc\/o Heidehaus<br \/>\nGro\u00dfbeerenstra\u00dfe 98a<br \/>\n14482 Potsdam<\/p>\n<p>E-Mail: kontakt@rotes-nowawes.de<\/p>\n","protected":false},"excerpt":{"rendered":"<p>Wer sind wir? Die Geschichtswerkstatt Rotes Nowawes e. V. bildete sich im Jahr 2018 als ein loser Zusammenschluss von geschichtsinteressierten Personen, mit dem Ziel, die Geschichte der fr\u00fcheren Industriestadt Nowawes, dem heutigen Babelsberg, insbesondere der \u201ekleinen Leute\u201c und ihrer politischen und soziokulturellen Organisationen zu erforschen und der interessierten \u00d6ffentlichkeit nahezubringen. Wir kommen aus unterschiedlichen organisierten &hellip; <\/p>\n<p class=\"link-more\"><a href=\"https:\/\/rotes-nowawes.de\/?page_id=20\" class=\"more-link\"><span class=\"screen-reader-text\">\u201e\u00dcber uns\u201c <\/span>weiterlesen<\/a><\/p>\n","protected":false},"author":1,"featured_media":197,"parent":0,"menu_order":0,"comment_status":"closed","ping_status":"closed","template":"","meta":{"footnotes":""},"class_list":["post-20","page","type-page","status-publish","has-post-thumbnail","hentry"],"_links":{"self":[{"href":"https:\/\/rotes-nowawes.de\/index.php?rest_route=\/wp\/v2\/pages\/20","targetHints":{"allow":["GET"]}}],"collection":[{"href":"https:\/\/rotes-nowawes.de\/index.php?rest_route=\/wp\/v2\/pages"}],"about":[{"href":"https:\/\/rotes-nowawes.de\/index.php?rest_route=\/wp\/v2\/types\/page"}],"author":[{"embeddable":true,"href":"https:\/\/rotes-nowawes.de\/index.php?rest_route=\/wp\/v2\/users\/1"}],"replies":[{"embeddable":true,"href":"https:\/\/rotes-nowawes.de\/index.php?rest_route=%2Fwp%2Fv2%2Fcomments&post=20"}],"version-history":[{"count":18,"href":"https:\/\/rotes-nowawes.de\/index.php?rest_route=\/wp\/v2\/pages\/20\/revisions"}],"predecessor-version":[{"id":3537,"href":"https:\/\/rotes-nowawes.de\/index.php?rest_route=\/wp\/v2\/pages\/20\/revisions\/3537"}],"wp:featuredmedia":[{"embeddable":true,"href":"https:\/\/rotes-nowawes.de\/index.php?rest_route=\/wp\/v2\/media\/197"}],"wp:attachment":[{"href":"https:\/\/rotes-nowawes.de\/index.php?rest_route=%2Fwp%2Fv2%2Fmedia&parent=20"}],"curies":[{"name":"wp","href":"https:\/\/api.w.org\/{rel}","templated":true}]}}